{"id":154,"date":"2023-04-26T09:20:02","date_gmt":"2023-04-26T09:20:02","guid":{"rendered":"https:\/\/michelbaljet.com\/about-us\/"},"modified":"2024-05-13T15:27:07","modified_gmt":"2024-05-13T15:27:07","slug":"uber-mich","status":"publish","type":"page","link":"https:\/\/michelbaljet.com\/de\/uber-mich\/","title":{"rendered":"\u00dcber mich"},"content":{"rendered":"<p>Mein Name ist Michel Baljet und ich bin ein niederl\u00e4ndischer Forscher mit einem umfangreichen journalistischen Hintergrund, der in Kriegs- und Krisengebieten arbeitet. Im Laufe der Jahre habe ich mit verschiedenen Medien, Organisationen, Aussch\u00fcssen und Einzelpersonen zusammengearbeitet.<\/p>\n<p>In meiner beruflichen Laufbahn bin ich von der Leidenschaft getrieben, die Wahrheit aufzudecken und einen unvoreingenommenen Blick auf Ereignisse zu werfen, wobei ich oft meine Sicherheit aufs Spiel setze. Ich habe in vielen verschiedenen Konflikten und Krisen gearbeitet, von den Studentenprotesten in Venezuela bis zur Fl\u00fcchtlingskrise in Europa, dem G20-Gipfel und der Situation in der T\u00fcrkei und Nordsyrien.<\/p>\n<p>Im August 2022 landete ich auf der Intensivstation, was zu einer andauernden Phase der medizinischen Genesung gef\u00fchrt hat. Derzeit bin ich noch nicht in der Lage, in den anspruchsvollen Umgebungen zu arbeiten, an die ich gew\u00f6hnt bin, aber ich bleibe hoffnungsvoll, dass ich in den Bereich zur\u00fcckkehren kann, sobald ich vollst\u00e4ndig genesen bin und die Erlaubnis meiner \u00c4rzte habe.<\/p>\n<p>In der Zwischenzeit habe ich meine Energie darauf verwendet, \u00fcber aktuelle Ereignisse zu schreiben und zum Nachdenken anregende Artikel aus meinem umfangreichen Archiv zu ver\u00f6ffentlichen. Ich bin unglaublich dankbar f\u00fcr jede Unterst\u00fctzung in diesen schwierigen Zeiten als selbstst\u00e4ndiger Unternehmer. Ihr Zuspruch und Ihre Unterst\u00fctzung spielen eine entscheidende Rolle dabei, meine Arbeit fortzusetzen und in der Welt etwas zu bewirken.<\/p>\n<p>Danke, dass Sie mich auf meiner Reise begleitet haben. Ich freue mich darauf, mehr von meinen Erfahrungen und Erkenntnissen mit Ihnen zu teilen.<\/p>","protected":false},"excerpt":{"rendered":"<p>Mein Name ist Michel Baljet und ich bin ein niederl\u00e4ndischer Journalist, Forscher und Unternehmer mit einer umfangreichen Erfahrung in der Arbeit in Kriegs- und Krisengebieten. Im Laufe der Jahre habe ich mit verschiedenen Medien, Organisationen, Aussch\u00fcssen und Einzelpersonen zusammengearbeitet. In meiner Laufbahn hat mich die Leidenschaft angetrieben, die Wahrheit aufzudecken und [...]<\/p>","protected":false},"author":1,"featured_media":0,"parent":0,"menu_order":2,"comment_status":"closed","ping_status":"closed","template":"","meta":{"footnotes":""},"class_list":["post-154","page","type-page","status-publish","hentry"],"_links":{"self":[{"href":"https:\/\/michelbaljet.com\/de\/wp-json\/wp\/v2\/pages\/154","targetHints":{"allow":["GET"]}}],"collection":[{"href":"https:\/\/michelbaljet.com\/de\/wp-json\/wp\/v2\/pages"}],"about":[{"href":"https:\/\/michelbaljet.com\/de\/wp-json\/wp\/v2\/types\/page"}],"author":[{"embeddable":true,"href":"https:\/\/michelbaljet.com\/de\/wp-json\/wp\/v2\/users\/1"}],"replies":[{"embeddable":true,"href":"https:\/\/michelbaljet.com\/de\/wp-json\/wp\/v2\/comments?post=154"}],"version-history":[{"count":0,"href":"https:\/\/michelbaljet.com\/de\/wp-json\/wp\/v2\/pages\/154\/revisions"}],"wp:attachment":[{"href":"https:\/\/michelbaljet.com\/de\/wp-json\/wp\/v2\/media?parent=154"}],"curies":[{"name":"wp","href":"https:\/\/api.w.org\/{rel}","templated":true}]}}