{"id":154,"date":"2023-04-26T09:20:02","date_gmt":"2023-04-26T09:20:02","guid":{"rendered":"https:\/\/michelbaljet.com\/about-us\/"},"modified":"2024-05-13T15:27:07","modified_gmt":"2024-05-13T15:27:07","slug":"sobre-mi","status":"publish","type":"page","link":"https:\/\/michelbaljet.com\/es\/sobre-mi\/","title":{"rendered":"Sobre m\u00ed"},"content":{"rendered":"<p>Me llamo Michel Baljet y soy un investigador holand\u00e9s con una amplia experiencia period\u00edstica en zonas de guerra y crisis. A lo largo de los a\u00f1os, he trabajado con diversos medios de comunicaci\u00f3n, organizaciones, comit\u00e9s y particulares.<\/p>\n<p>Durante mi carrera, me mueve la pasi\u00f3n por descubrir la verdad y dar una visi\u00f3n imparcial de los acontecimientos, a menudo poniendo en peligro mi seguridad. He trabajado en muchos conflictos y crisis diferentes; desde las protestas estudiantiles en Venezuela hasta la crisis de los refugiados en Europa, la cumbre del G20 y la situaci\u00f3n en Turqu\u00eda y el norte de Siria.<\/p>\n<p>En agosto de 2022, acab\u00e9 en cuidados intensivos, lo que me ha llevado a un periodo continuo de recuperaci\u00f3n m\u00e9dica. Actualmente, a\u00fan no puedo trabajar en los entornos dif\u00edciles a los que estoy acostumbrado, pero mantengo la esperanza de poder volver al campo cuando est\u00e9 totalmente recuperado y tenga permiso de mis m\u00e9dicos.<\/p>\n<p>Mientras tanto, he cambiado mi energ\u00eda para escribir sobre la actualidad y compartir art\u00edculos de mi extenso archivo que invitan a la reflexi\u00f3n. Estoy incre\u00edblemente agradecido por cualquier apoyo durante estos tiempos dif\u00edciles como empresario independiente. Su aliento y apoyo desempe\u00f1an un papel decisivo para seguir haciendo mi trabajo y marcar la diferencia en el mundo.<\/p>\n<p>Gracias por formar parte de mi viaje, espero compartir m\u00e1s experiencias y puntos de vista con ustedes.<\/p>","protected":false},"excerpt":{"rendered":"<p>Me llamo Michel Baljet y soy un periodista, investigador y empresario holand\u00e9s con una amplia experiencia de trabajo en zonas de guerra y crisis. A lo largo de los a\u00f1os, he trabajado con diversos medios de comunicaci\u00f3n, organizaciones, comit\u00e9s y particulares. A lo largo de mi carrera, me mueve la pasi\u00f3n por descubrir la verdad y [...]<\/p>","protected":false},"author":1,"featured_media":0,"parent":0,"menu_order":2,"comment_status":"closed","ping_status":"closed","template":"","meta":{"footnotes":""},"class_list":["post-154","page","type-page","status-publish","hentry"],"_links":{"self":[{"href":"https:\/\/michelbaljet.com\/es\/wp-json\/wp\/v2\/pages\/154","targetHints":{"allow":["GET"]}}],"collection":[{"href":"https:\/\/michelbaljet.com\/es\/wp-json\/wp\/v2\/pages"}],"about":[{"href":"https:\/\/michelbaljet.com\/es\/wp-json\/wp\/v2\/types\/page"}],"author":[{"embeddable":true,"href":"https:\/\/michelbaljet.com\/es\/wp-json\/wp\/v2\/users\/1"}],"replies":[{"embeddable":true,"href":"https:\/\/michelbaljet.com\/es\/wp-json\/wp\/v2\/comments?post=154"}],"version-history":[{"count":0,"href":"https:\/\/michelbaljet.com\/es\/wp-json\/wp\/v2\/pages\/154\/revisions"}],"wp:attachment":[{"href":"https:\/\/michelbaljet.com\/es\/wp-json\/wp\/v2\/media?parent=154"}],"curies":[{"name":"wp","href":"https:\/\/api.w.org\/{rel}","templated":true}]}}