{"id":50398,"date":"2025-07-01T09:04:23","date_gmt":"2025-07-01T09:04:23","guid":{"rendered":"https:\/\/michelbaljet.com\/?page_id=50398"},"modified":"2026-02-01T18:40:34","modified_gmt":"2026-02-01T18:40:34","slug":"soporte","status":"publish","type":"page","link":"https:\/\/michelbaljet.com\/es\/soporte\/","title":{"rendered":"Ayuda"},"content":{"rendered":"<div data-elementor-type=\"wp-page\" data-elementor-id=\"50398\" class=\"elementor elementor-50398\" data-elementor-post-type=\"page\">\n\t\t\t\t<div class=\"elementor-element elementor-element-562945a e-flex e-con-boxed e-con e-parent\" data-id=\"562945a\" data-element_type=\"container\">\n\t\t\t\t\t<div class=\"e-con-inner\">\n\t\t<div class=\"elementor-element elementor-element-21611a7 e-con-full elementor-hidden-mobile e-flex e-con e-child\" data-id=\"21611a7\" data-element_type=\"container\">\n\t\t<div class=\"elementor-element elementor-element-0b50b5b e-con-full e-flex e-con e-child\" data-id=\"0b50b5b\" data-element_type=\"container\">\n\t\t\t\t<\/div>\n\t\t\t\t<\/div>\n\t\t<div class=\"elementor-element elementor-element-791fe8a e-con-full e-flex e-con e-child\" data-id=\"791fe8a\" data-element_type=\"container\">\n\t\t\t\t<div class=\"elementor-element elementor-element-88ca4c2 elementor-widget__width-initial elementor-widget elementor-widget-heading\" data-id=\"88ca4c2\" data-element_type=\"widget\" data-widget_type=\"heading.default\">\n\t\t\t\t\t<h2 class=\"elementor-heading-title elementor-size-default\">Gracias. <\/h2>\t\t\t\t<\/div>\n\t\t\t\t<div class=\"elementor-element elementor-element-cf4be07 elementor-widget__width-initial elementor-widget elementor-widget-text-editor\" data-id=\"cf4be07\" data-element_type=\"widget\" data-widget_type=\"text-editor.default\">\n\t\t\t\t\t\t\t\t\t<p style=\"text-align: left;\" data-start=\"131\" data-end=\"389\"><span data-start=\"131\" data-end=\"389\">Apoyando mi trabajo mensualmente, tendr\u00e1 acceso a nuevos art\u00edculos, historias de fondo y una mirada entre bastidores a mi trabajo. Tu contribuci\u00f3n me ayuda a seguir siendo independiente y a ofrecerte historias que de otro modo no se contar\u00edan.<\/span><\/p><p style=\"text-align: left;\" data-start=\"391\" data-end=\"553\"><strong data-start=\"391\" data-end=\"553\">Elige lo que vale tu ayuda mensual,\u00a0<\/strong><span style=\"font-weight: 600; letter-spacing: 0.9px;\">Desde 2 euros es posible: elige la cantidad que m\u00e1s te convenga.<\/span><strong style=\"letter-spacing: 0.9px;\" data-start=\"391\" data-end=\"553\">\u00a0Haga clic en \"Soporte mensual\" para continuar.\u00a0<\/strong><\/p>\t\t\t\t\t\t\t\t<\/div>\n\t\t\t\t<div class=\"elementor-element elementor-element-c8a5750 elementor-widget__width-initial elementor-widget elementor-widget-heading\" data-id=\"c8a5750\" data-element_type=\"widget\" data-widget_type=\"heading.default\">\n\t\t\t\t\t<h3 class=\"elementor-heading-title elementor-size-default\">(Introduzca aqu\u00ed el importe)<\/h3>\t\t\t\t<\/div>\n\t\t\t\t<div class=\"elementor-element elementor-element-c5043e4 elementor-widget-mobile__width-initial elementor-widget__width-initial elementor-widget elementor-widget-image\" data-id=\"c5043e4\" data-element_type=\"widget\" data-widget_type=\"image.default\">\n\t\t\t\t\t\t\t\t\t\t\t\t\t\t\t<img decoding=\"async\" width=\"150\" height=\"66\" src=\"https:\/\/michelbaljet.com\/wp-content\/uploads\/2023\/04\/Arrow-e1683099426958.png\" class=\"attachment-woocommerce_thumbnail size-woocommerce_thumbnail wp-image-46998\" alt=\"\" \/>\t\t\t\t\t\t\t\t\t\t\t\t\t\t\t<\/div>\n\t\t\t\t<div class=\"elementor-element elementor-element-841c8cd elementor-widget elementor-widget-wc-elements\" data-id=\"841c8cd\" data-element_type=\"widget\" data-widget_type=\"wc-elements.default\">\n\t\t\t\t<div class=\"elementor-widget-container\">\n\t\t\t\t\t<div class=\"woocommerce\">\t\t\t<div class=\"single-product\" data-product-page-preselected-id=\"0\">\n\t\t\t\t<div class=\"woocommerce-notices-wrapper\"><\/div><div id=\"product-50571\" class=\"product type-product post-50571 status-publish first instock product_cat-uncategorized virtual sold-individually purchasable product-type-subscription nyp-product nyp-hide-quantity\">\n\n\t<div class=\"woocommerce-product-gallery woocommerce-product-gallery--without-images woocommerce-product-gallery--columns-5 images\" data-columns=\"5\" style=\"opacity: 0; transition: opacity .25s ease-in-out;\">\n\t<div class=\"woocommerce-product-gallery__wrapper\">\n\t\t<div class=\"woocommerce-product-gallery__image--placeholder\"><img decoding=\"async\" src=\"https:\/\/michelbaljet.com\/wp-content\/uploads\/woocommerce-placeholder.webp\" alt=\"Esperando la imagen de producto\" class=\"wp-post-image\" data-no-translation-alt=\"\" \/><\/div>\t<\/div>\n<\/div>\n\n\t<div class=\"summary entry-summary\">\n\t\t<h1 class=\"product_title entry-title\">Apoya mi trabajo hoy<\/h1>\n\t<p class=\"price suggested-price\"><span class=\"suggested-text\"><\/span><\/p>\n\t\t<form class=\"cart\" action=\"\" method=\"post\" enctype='multipart\/form-data' data-trp-original-action=\"\">\n\n\t\t<div class=\"nyp\" data-hide-minimum=\"1\" data-min-price=\"2\" data-max-price=\"5000\" data-initial-price=\"\" data-minimum-error=\"Please enter at least %%MINIMUM%%.\" data-hide-minimum-error=\"Please enter a higher amount.\" data-maximum-error=\"Please enter less than or equal to %%MAXIMUM%%.\" data-empty-error=\"Please enter an amount.\"  > \n\t\n\t\t\n\t\t<label for=\"nyp-1\">Importe <span class=\"woocommerce-Price-currencySymbol\">( \u20ac <span class=\"subscription-details\"> \/ cuchillo<\/span> )<\/span><\/label>\n\n\t\t\n\t\t<input\n\t\t\ttype=\"text\"\n\t\t\tid=\"nyp-1\"\n\t\t\tclass=\"input-text amount nyp-input text\"\n\t\t\tname=\"nyp\"\n\t\t\tvalue=\"0\"\n\t\t\ttitle=\"Importe ( \u20ac \/ cuchillo )\"\n\t\t\tplaceholder=\"\"\n\n\t\t\tinputmode=\"decimal\" \t\t\/>\n\n\t\t<input type=\"hidden\" name=\"update-price\" value=\"\" \/>\n\t\t<input type=\"hidden\" name=\"_nypnonce\" value=\"\" \/>\t\n\n\t<p id=\"nyp-minimum-price-1\" class=\"minimum-price nyp-terms\">\n\tDebido cada cuchillo <span class=\"subscription-details\"><\/span><\/p>\n\n<div id=\"nyp-error-1\" class=\"woocommerce-nyp-message\" aria-live=\"assertive\" style=\"display: none\"><\/div>\n<\/div>\n\n\t\t\n\n\t\t<div class=\"quantity\">\n\t\t<label class=\"screen-reader-text\" for=\"quantity_69de5be94c50d\" data-no-translation=\"\" data-trp-gettext=\"\">Steun mijn werk vandaag cantidad<\/label>\n\t<input\n\t\ttype=\"hidden\"\n\t\t\t\tid=\"quantity_69de5be94c50d\"\n\t\tclass=\"input-text qty text\"\n\t\tname=\"quantity\"\n\t\tvalue=\"1\"\n\t\taria-label=\"Cantidad de productos\"\n\t\t\t\tmin=\"1\"\n\t\t\t\t\tmax=\"1\"\n\t\t\t\t\t\t\tstep=\"1\"\n\t\t\tplaceholder=\"\"\n\t\t\tinputmode=\"numeric\"\n\t\t\tautocomplete=\"off\" data-no-translation-aria-label=\"\"\n\t\t\t\/>\n\t<\/div>\n\n\t\t<button type=\"submit\" class=\"single_add_to_cart_button button alt\" name=\"add-to-cart\" value=\"50571\">Ayuda mensual<\/button>\n\n\t\t\n\t<input type=\"hidden\" name=\"trp-form-language\" value=\"es\"\/><\/form>\n\t\n\t\n<p class=\"first-payment-date\"><small><\/small><\/p><div class=\"product_meta\">\n\n\t\n\t\n\t<span class=\"posted_in\">Categor\u00eda: <a href=\"https:\/\/michelbaljet.com\/es\/sin-categorizar\/\" rel=\"tag\">Sin categor\u00eda<\/a><\/span>\n\t\n\t\n<\/div>\n\t<\/div>\n\n\t<\/div>\n\n\t\t\t<\/div>\n\t\t\t<\/div>\t\t\t\t<\/div>\n\t\t\t\t<\/div>\n\t\t\t\t<div class=\"elementor-element elementor-element-7018384 elementor-widget elementor-widget-text-editor\" data-id=\"7018384\" data-element_type=\"widget\" data-widget_type=\"text-editor.default\">\n\t\t\t\t\t\t\t\t\t<p>\u00bfPrefieres contribuir una vez, sin acceso a contenidos adicionales? Tambi\u00e9n se lo agradezco mucho.<\/p><p>Con su apoyo, podr\u00e9 seguir trabajando para revelar ideas esenciales, exponer el coste humano de los conflictos y proporcionar ayuda y una plataforma a quienes se encuentran atrapados entre las l\u00edneas de fuego.<\/p>\t\t\t\t\t\t\t\t<\/div>\n\t\t\t\t<div class=\"elementor-element elementor-element-e799d35 elementor-align-center elementor-widget elementor-widget-button\" data-id=\"e799d35\" data-element_type=\"widget\" data-widget_type=\"button.default\">\n\t\t\t\t\t\t\t\t\t\t<a class=\"elementor-button elementor-button-link elementor-size-sm\" href=\"https:\/\/donate.stripe.com\/eVa6p17uEg7X2DSfYZ\" target=\"_blank\" rel=\"noopener\">\n\t\t\t\t\t\t<span class=\"elementor-button-content-wrapper\">\n\t\t\t\t\t\t\t\t\t<span class=\"elementor-button-text\">QUIERO APOYAR SU TRABAJO UNA VEZ (\u20ac)<\/span>\n\t\t\t\t\t<\/span>\n\t\t\t\t\t<\/a>\n\t\t\t\t\t\t\t\t<\/div>\n\t\t\t\t<div class=\"elementor-element elementor-element-d4d0b38 elementor-align-center elementor-widget elementor-widget-button\" data-id=\"d4d0b38\" data-element_type=\"widget\" data-widget_type=\"button.default\">\n\t\t\t\t\t\t\t\t\t\t<a class=\"elementor-button elementor-button-link elementor-size-sm\" href=\"https:\/\/donate.stripe.com\/dRmfZi3cX1G6fbI4baabK04\" target=\"_blank\" rel=\"noopener\">\n\t\t\t\t\t\t<span class=\"elementor-button-content-wrapper\">\n\t\t\t\t\t\t\t\t\t<span class=\"elementor-button-text\">QUIERO APOYAR UNA VEZ CON USD ($)<\/span>\n\t\t\t\t\t<\/span>\n\t\t\t\t\t<\/a>\n\t\t\t\t\t\t\t\t<\/div>\n\t\t\t\t<div class=\"elementor-element elementor-element-b8e5d8e elementor-widget elementor-widget-text-editor\" data-id=\"b8e5d8e\" data-element_type=\"widget\" data-widget_type=\"text-editor.default\">\n\t\t\t\t\t\t\t\t\t<p>\u00a0<\/p><p>Si despu\u00e9s sigue sintiendo curiosidad por las historias entre bastidores, no dude en enviarme un mensaje: estar\u00e9 encantado de ver qu\u00e9 puedo hacer por usted.<\/p>\t\t\t\t\t\t\t\t<\/div>\n\t\t\t\t<\/div>\n\t\t<div class=\"elementor-element elementor-element-4521306 e-con-full e-flex e-con e-child\" data-id=\"4521306\" data-element_type=\"container\">\n\t\t<div class=\"elementor-element elementor-element-c96db8d e-con-full elementor-hidden-mobile e-flex e-con e-child\" data-id=\"c96db8d\" data-element_type=\"container\">\n\t\t\t\t<\/div>\n\t\t\t\t<\/div>\n\t\t\t\t\t<\/div>\n\t\t\t\t<\/div>\n\t\t\t\t<\/div>","protected":false},"excerpt":{"rendered":"<p>Muchas gracias. Apoyando mi trabajo mensualmente, tendr\u00e1 acceso a nuevos art\u00edculos, historias de fondo y una mirada entre bastidores a mi trabajo. Tu contribuci\u00f3n me ayuda a seguir siendo independiente y a ofrecerte historias que de otro modo no se contar\u00edan. Elige el importe de tu contribuci\u00f3n mensual, desde 2 euros en adelante. [...]<\/p>","protected":false},"author":1,"featured_media":0,"parent":0,"menu_order":0,"comment_status":"closed","ping_status":"closed","template":"","meta":{"footnotes":""},"class_list":["post-50398","page","type-page","status-publish","hentry"],"_links":{"self":[{"href":"https:\/\/michelbaljet.com\/es\/wp-json\/wp\/v2\/pages\/50398","targetHints":{"allow":["GET"]}}],"collection":[{"href":"https:\/\/michelbaljet.com\/es\/wp-json\/wp\/v2\/pages"}],"about":[{"href":"https:\/\/michelbaljet.com\/es\/wp-json\/wp\/v2\/types\/page"}],"author":[{"embeddable":true,"href":"https:\/\/michelbaljet.com\/es\/wp-json\/wp\/v2\/users\/1"}],"replies":[{"embeddable":true,"href":"https:\/\/michelbaljet.com\/es\/wp-json\/wp\/v2\/comments?post=50398"}],"version-history":[{"count":3,"href":"https:\/\/michelbaljet.com\/es\/wp-json\/wp\/v2\/pages\/50398\/revisions"}],"predecessor-version":[{"id":51170,"href":"https:\/\/michelbaljet.com\/es\/wp-json\/wp\/v2\/pages\/50398\/revisions\/51170"}],"wp:attachment":[{"href":"https:\/\/michelbaljet.com\/es\/wp-json\/wp\/v2\/media?parent=50398"}],"curies":[{"name":"wp","href":"https:\/\/api.w.org\/{rel}","templated":true}]}}